{"id":8,"date":"2018-06-15T20:26:57","date_gmt":"2018-06-15T18:26:57","guid":{"rendered":"https:\/\/psychedelight.ch\/?page_id=8"},"modified":"2026-04-26T20:55:14","modified_gmt":"2026-04-26T18:55:14","slug":"accueil","status":"publish","type":"page","link":"https:\/\/psychedelight.ch\/en\/","title":{"rendered":"Home"},"content":{"rendered":"\t\t<div data-elementor-type=\"wp-post\" data-elementor-id=\"8\" class=\"elementor elementor-8\" data-elementor-post-type=\"page\">\n\t\t\t\t\t\t<section class=\"elementor-section elementor-top-section elementor-element elementor-element-02f4d9c elementor-section-boxed elementor-section-height-default elementor-section-height-default\" data-id=\"02f4d9c\" data-element_type=\"section\" data-e-type=\"section\">\n\t\t\t\t\t\t<div class=\"elementor-container elementor-column-gap-default\">\n\t\t\t\t\t<div class=\"elementor-column elementor-col-100 elementor-top-column elementor-element elementor-element-f96a349\" data-id=\"f96a349\" data-element_type=\"column\" data-e-type=\"column\">\n\t\t\t<div class=\"elementor-widget-wrap elementor-element-populated\">\n\t\t\t\t\t\t<div class=\"elementor-element elementor-element-3bd41ae elementor-widget elementor-widget-heading\" data-id=\"3bd41ae\" data-element_type=\"widget\" data-e-type=\"widget\" data-widget_type=\"heading.default\">\n\t\t\t\t<div class=\"elementor-widget-container\">\n\t\t\t\t\t<h1 class=\"elementor-heading-title elementor-size-xl\">psychedelight<\/h1>\t\t\t\t<\/div>\n\t\t\t\t<\/div>\n\t\t\t\t\t<\/div>\n\t\t<\/div>\n\t\t\t\t\t<\/div>\n\t\t<\/section>\n\t\t\t\t<section class=\"elementor-section elementor-top-section elementor-element elementor-element-76e051a elementor-section-boxed elementor-section-height-default elementor-section-height-default\" data-id=\"76e051a\" data-element_type=\"section\" data-e-type=\"section\">\n\t\t\t\t\t\t<div class=\"elementor-container elementor-column-gap-default\">\n\t\t\t\t\t<div class=\"elementor-column elementor-col-100 elementor-top-column elementor-element elementor-element-de36f48\" data-id=\"de36f48\" data-element_type=\"column\" data-e-type=\"column\">\n\t\t\t<div class=\"elementor-widget-wrap elementor-element-populated\">\n\t\t\t\t\t\t<div class=\"elementor-element elementor-element-ef09be0 elementor-widget__width-initial elementor-widget elementor-widget-video\" data-id=\"ef09be0\" data-element_type=\"widget\" data-e-type=\"widget\" data-settings=\"{&quot;youtube_url&quot;:&quot;https:\\\/\\\/www.youtube.com\\\/watch?v=x6WRk12xQ-U&quot;,&quot;autoplay&quot;:&quot;yes&quot;,&quot;play_on_mobile&quot;:&quot;yes&quot;,&quot;loop&quot;:&quot;yes&quot;,&quot;video_type&quot;:&quot;youtube&quot;,&quot;controls&quot;:&quot;yes&quot;}\" data-widget_type=\"video.default\">\n\t\t\t\t<div class=\"elementor-widget-container\">\n\t\t\t\t\t\t\t<div class=\"elementor-wrapper elementor-open-inline\">\n\t\t\t<div class=\"elementor-video\"><\/div>\t\t<\/div>\n\t\t\t\t\t\t<\/div>\n\t\t\t\t<\/div>\n\t\t\t\t\t<\/div>\n\t\t<\/div>\n\t\t\t\t\t<\/div>\n\t\t<\/section>\n\t\t\t\t<section class=\"elementor-section elementor-top-section elementor-element elementor-element-66e7b16 elementor-section-boxed elementor-section-height-default elementor-section-height-default\" data-id=\"66e7b16\" data-element_type=\"section\" data-e-type=\"section\" data-settings=\"{&quot;background_background&quot;:&quot;video&quot;}\">\n\t\t\t\t\t\t<div class=\"elementor-container elementor-column-gap-default\">\n\t\t\t\t\t<div class=\"elementor-column elementor-col-50 elementor-top-column elementor-element elementor-element-483ea44\" data-id=\"483ea44\" data-element_type=\"column\" data-e-type=\"column\">\n\t\t\t<div class=\"elementor-widget-wrap elementor-element-populated\">\n\t\t\t\t\t\t<div class=\"elementor-element elementor-element-8e08d84 elementor-drop-cap-yes elementor-drop-cap-view-default elementor-widget elementor-widget-text-editor\" data-id=\"8e08d84\" data-element_type=\"widget\" data-e-type=\"widget\" data-settings=\"{&quot;drop_cap&quot;:&quot;yes&quot;}\" data-widget_type=\"text-editor.default\">\n\t\t\t\t<div class=\"elementor-widget-container\">\n\t\t\t\t\t\t\t\t\t<p>Bienvenue sur ces pages d\u00e9di\u00e9es \u00e0 un art visuel que je pratique depuis \u2026 1968. Un art \u00e9ph\u00e9m\u00e8re qui passe comme des nuages ou des vagues, ou comme les \u00e9toiles et les plan\u00e8tes.<\/p><p>J\u2019ai le grand plaisir de partager avec vous toutes ces images, toutes ces couleurs, tous ces mouvements et de les accompagner avec des musiques planantes et harmonieuses\u00a0; toutes ces sc\u00e8nes devraient pour un instant vous entra\u00eener dans un univers fascinant, pour peut-\u00eatre vous faire red\u00e9couvrir le bonheur de la contemplation.<\/p><p>Bon voyage dans mon univers\u00a0!<\/p><p>Jean-Louis Gafner<\/p>\t\t\t\t\t\t\t\t<\/div>\n\t\t\t\t<\/div>\n\t\t\t\t\t<\/div>\n\t\t<\/div>\n\t\t\t\t<div class=\"elementor-column elementor-col-50 elementor-top-column elementor-element elementor-element-558cd60\" data-id=\"558cd60\" data-element_type=\"column\" data-e-type=\"column\">\n\t\t\t<div class=\"elementor-widget-wrap elementor-element-populated\">\n\t\t\t\t\t\t<div class=\"elementor-element elementor-element-01394d6 elementor-widget elementor-widget-image\" data-id=\"01394d6\" data-element_type=\"widget\" data-e-type=\"widget\" data-widget_type=\"image.default\">\n\t\t\t\t<div class=\"elementor-widget-container\">\n\t\t\t\t\t\t\t\t\t\t\t\t\t\t\t<img fetchpriority=\"high\" decoding=\"async\" width=\"885\" height=\"878\" src=\"https:\/\/psychedelight.ch\/wp-content\/uploads\/2021\/12\/meduse.jpg\" class=\"attachment-full size-full wp-image-637\" alt=\"\" srcset=\"https:\/\/psychedelight.ch\/wp-content\/uploads\/2021\/12\/meduse.jpg 885w, https:\/\/psychedelight.ch\/wp-content\/uploads\/2021\/12\/meduse-300x298.jpg 300w, https:\/\/psychedelight.ch\/wp-content\/uploads\/2021\/12\/meduse-150x150.jpg 150w, https:\/\/psychedelight.ch\/wp-content\/uploads\/2021\/12\/meduse-768x762.jpg 768w\" sizes=\"(max-width: 885px) 100vw, 885px\" \/>\t\t\t\t\t\t\t\t\t\t\t\t\t\t\t<\/div>\n\t\t\t\t<\/div>\n\t\t\t\t\t<\/div>\n\t\t<\/div>\n\t\t\t\t\t<\/div>\n\t\t<\/section>\n\t\t\t\t<section class=\"elementor-section elementor-top-section elementor-element elementor-element-a0fe143 elementor-section-boxed elementor-section-height-default elementor-section-height-default\" data-id=\"a0fe143\" data-element_type=\"section\" data-e-type=\"section\">\n\t\t\t\t\t\t<div class=\"elementor-container elementor-column-gap-default\">\n\t\t\t\t\t<div class=\"elementor-column elementor-col-100 elementor-top-column elementor-element elementor-element-df3cf8b\" data-id=\"df3cf8b\" data-element_type=\"column\" data-e-type=\"column\">\n\t\t\t<div class=\"elementor-widget-wrap elementor-element-populated\">\n\t\t\t\t\t\t<div class=\"elementor-element elementor-element-2fe231a elementor-widget elementor-widget-heading\" data-id=\"2fe231a\" data-element_type=\"widget\" data-e-type=\"widget\" data-widget_type=\"heading.default\">\n\t\t\t\t<div class=\"elementor-widget-container\">\n\t\t\t\t\t<h2 class=\"elementor-heading-title elementor-size-default\">Pr\u00e9sentation<\/h2>\t\t\t\t<\/div>\n\t\t\t\t<\/div>\n\t\t\t\t<div class=\"elementor-element elementor-element-ae0e537 elementor-widget elementor-widget-text-editor\" data-id=\"ae0e537\" data-element_type=\"widget\" data-e-type=\"widget\" data-widget_type=\"text-editor.default\">\n\t\t\t\t<div class=\"elementor-widget-container\">\n\t\t\t\t\t\t\t\t\t<p>Dans les ann\u00e9es 1960, une nouvelle musique d\u00e9ferlait sur les ondes radio et la t\u00e9l\u00e9vision noir et blanc. La pop-music nous prenait aux tripes. Toute une culture psych\u00e9d\u00e9lique trouvait son public avec Woodstock, les Fillmore East et West. Jimi Hendrix, les Doors, Jefferson Airplane, Cream, Bob Dylan entre tant d\u2019autres aspiraient \u00e0 un monde meilleur o\u00f9 la paix et l\u2019amour seraient r\u00e9alis\u00e9s.<\/p><p>Les grands concerts de cette \u00e9poque s\u2019accompagnaient d\u2019une mise en sc\u00e8ne compos\u00e9es d\u2019effets sp\u00e9ciaux projet\u00e9s sur \u00e9cran \u00e0 l\u2019arri\u00e8re de la sc\u00e8ne. Selon diff\u00e9rentes sources, la pratique de l&rsquo;\u00e9clairage des concerts a commenc\u00e9 vers 1966 aux \u00c9tats-Unis ainsi qu&rsquo;en Angleterre. En Am\u00e9rique, les spectacles ont \u00e9t\u00e9 r\u00e9alis\u00e9s principalement avec des r\u00e9troprojecteurs tandis qu&rsquo;en Angleterre et en Europe, on utilisait surtout des projecteurs de diapositives.<\/p><p>Les \u00abhommes et femmes de lumi\u00e8re\u00bb, m\u00eame lorsqu&rsquo;ils produisaient de superbes images anim\u00e9es, restaient dans l&rsquo;ombre des stars qu&rsquo;ils illuminaient. C\u2019est all\u00e9 si loin qu&rsquo;ils ont m\u00eame fait gr\u00e8ve pour assurer une meilleure r\u00e9mun\u00e9ration de leur art.<\/p><p>\u00a0<\/p>\t\t\t\t\t\t\t\t<\/div>\n\t\t\t\t<\/div>\n\t\t\t\t\t<\/div>\n\t\t<\/div>\n\t\t\t\t\t<\/div>\n\t\t<\/section>\n\t\t\t\t<section class=\"elementor-section elementor-top-section elementor-element elementor-element-78f46b7 elementor-section-boxed elementor-section-height-default elementor-section-height-default\" data-id=\"78f46b7\" data-element_type=\"section\" data-e-type=\"section\" data-settings=\"{&quot;background_background&quot;:&quot;video&quot;}\">\n\t\t\t\t\t\t<div class=\"elementor-container elementor-column-gap-default\">\n\t\t\t\t\t<div class=\"elementor-column elementor-col-50 elementor-top-column elementor-element elementor-element-a3800c7\" data-id=\"a3800c7\" data-element_type=\"column\" data-e-type=\"column\">\n\t\t\t<div class=\"elementor-widget-wrap elementor-element-populated\">\n\t\t\t\t\t\t<div class=\"elementor-element elementor-element-7c53fbd elementor-widget elementor-widget-image\" data-id=\"7c53fbd\" data-element_type=\"widget\" data-e-type=\"widget\" data-widget_type=\"image.default\">\n\t\t\t\t<div class=\"elementor-widget-container\">\n\t\t\t\t\t\t\t\t\t\t\t\t\t\t\t<img decoding=\"async\" width=\"1024\" height=\"717\" src=\"https:\/\/psychedelight.ch\/wp-content\/uploads\/2018\/06\/tglac05-1024x717-1024x717.jpg\" class=\"attachment-large size-large wp-image-168\" alt=\"\" srcset=\"https:\/\/psychedelight.ch\/wp-content\/uploads\/2018\/06\/tglac05-1024x717.jpg 1024w, https:\/\/psychedelight.ch\/wp-content\/uploads\/2018\/06\/tglac05-1024x717-300x210.jpg 300w, https:\/\/psychedelight.ch\/wp-content\/uploads\/2018\/06\/tglac05-1024x717-768x538.jpg 768w\" sizes=\"(max-width: 1024px) 100vw, 1024px\" \/>\t\t\t\t\t\t\t\t\t\t\t\t\t\t\t<\/div>\n\t\t\t\t<\/div>\n\t\t\t\t\t<\/div>\n\t\t<\/div>\n\t\t\t\t<div class=\"elementor-column elementor-col-50 elementor-top-column elementor-element elementor-element-cf2d304\" data-id=\"cf2d304\" data-element_type=\"column\" data-e-type=\"column\">\n\t\t\t<div class=\"elementor-widget-wrap elementor-element-populated\">\n\t\t\t\t\t\t<div class=\"elementor-element elementor-element-33eb17c elementor-widget elementor-widget-text-editor\" data-id=\"33eb17c\" data-element_type=\"widget\" data-e-type=\"widget\" data-widget_type=\"text-editor.default\">\n\t\t\t\t<div class=\"elementor-widget-container\">\n\t\t\t\t\t\t\t\t\t<p>Partout, des jeunes musiciens se mirent \u00e0 produire les m\u00eames rythmes aux sons amplifi\u00e9s. Dans ma ville de Del\u00e9mont, j\u2019accompagnais un groupe de musiciens jurassiens, les l\u00e9gendaires Souled Out. L\u2019envie de d\u00e9corer et de colorer leurs concerts me prit. Les parents du guitariste poss\u00e9daient un projecteur qu\u2019ils n\u2019ont jamais revu dans son \u00e9tat original. A force de tester toutes sortes de mati\u00e8res et de couleurs, finalement les projections d\u2019encre ne s\u2019\u00e9talaient pas seulement sur l\u2019\u00e9cran mais d\u00e9goulinaient sur l\u2019appareil.<\/p><p>Les amateurs de pop music du Jura suisse savaient que c\u2019\u00e9tait le \u00ab Gary\u2019s psychedelic light show \u00bb qui se d\u00e9ployait lors de concerts m\u00e9morables \u00e0 Del\u00e9mont et aux environs.<\/p><p>\u00a0<\/p>\t\t\t\t\t\t\t\t<\/div>\n\t\t\t\t<\/div>\n\t\t\t\t\t<\/div>\n\t\t<\/div>\n\t\t\t\t\t<\/div>\n\t\t<\/section>\n\t\t\t\t<section class=\"elementor-section elementor-top-section elementor-element elementor-element-a52845a elementor-section-boxed elementor-section-height-default elementor-section-height-default\" data-id=\"a52845a\" data-element_type=\"section\" data-e-type=\"section\">\n\t\t\t\t\t\t<div class=\"elementor-container elementor-column-gap-default\">\n\t\t\t\t\t<div class=\"elementor-column elementor-col-100 elementor-top-column elementor-element elementor-element-5044e56\" data-id=\"5044e56\" data-element_type=\"column\" data-e-type=\"column\">\n\t\t\t<div class=\"elementor-widget-wrap elementor-element-populated\">\n\t\t\t\t\t\t<div class=\"elementor-element elementor-element-5387cff elementor-widget elementor-widget-text-editor\" data-id=\"5387cff\" data-element_type=\"widget\" data-e-type=\"widget\" data-widget_type=\"text-editor.default\">\n\t\t\t\t<div class=\"elementor-widget-container\">\n\t\t\t\t\t\t\t\t\t<p>Avec le temps c\u2019est devenu une technique pour laquelle j\u2019ai longtemps cherch\u00e9 un nom, si possible francophone, un art que j\u2019ai appel\u00e9 pendant 10 ans \u00ab art psych\u00e9d\u00e9lique \u00bb. Aucune de mes id\u00e9es n\u2019ayant \u00e9t\u00e9 suffisamment expressive, je me suis d\u00e9cid\u00e9 \u00e0 choisir <br \/><span style=\"color: #000000;\"><strong>\u00ab psychedelight \u00bb<\/strong><\/span> en relation avec la culture psych\u00e9d\u00e9lique, la lumi\u00e8re ou le d\u00e9lice du spectacle. Cette culture est internationale et supporte probablement un nom anglophone.<\/p><p>Je me r\u00e9jouis de vous montrer un soir ce spectacle in\u00e9dit, en vrai, accompagn\u00e9 de pr\u00e9f\u00e9rence d\u2019une bonne musique bien c\u00e9leste et planante, l\u2019ensemble devant vous permettre de passer un instant magique unique.<\/p>\t\t\t\t\t\t\t\t<\/div>\n\t\t\t\t<\/div>\n\t\t\t\t\t<\/div>\n\t\t<\/div>\n\t\t\t\t\t<\/div>\n\t\t<\/section>\n\t\t\t\t<section class=\"elementor-section elementor-top-section elementor-element elementor-element-2f896f0 elementor-section-boxed elementor-section-height-default elementor-section-height-default\" data-id=\"2f896f0\" data-element_type=\"section\" data-e-type=\"section\">\n\t\t\t\t\t\t<div class=\"elementor-container elementor-column-gap-default\">\n\t\t\t\t\t<div class=\"elementor-column elementor-col-25 elementor-top-column elementor-element elementor-element-e4c839e\" data-id=\"e4c839e\" data-element_type=\"column\" data-e-type=\"column\">\n\t\t\t<div class=\"elementor-widget-wrap\">\n\t\t\t\t\t\t\t<\/div>\n\t\t<\/div>\n\t\t\t\t<div class=\"elementor-column elementor-col-50 elementor-top-column elementor-element elementor-element-85b62e7\" data-id=\"85b62e7\" data-element_type=\"column\" data-e-type=\"column\" data-settings=\"{&quot;background_background&quot;:&quot;classic&quot;}\">\n\t\t\t<div class=\"elementor-widget-wrap elementor-element-populated\">\n\t\t\t\t\t<div class=\"elementor-background-overlay\"><\/div>\n\t\t\t\t\t\t<div class=\"elementor-element elementor-element-a48e66b elementor-widget elementor-widget-heading\" data-id=\"a48e66b\" data-element_type=\"widget\" data-e-type=\"widget\" data-widget_type=\"heading.default\">\n\t\t\t\t<div class=\"elementor-widget-container\">\n\t\t\t\t\t<h2 class=\"elementor-heading-title elementor-size-default\">Newsletter<\/h2>\t\t\t\t<\/div>\n\t\t\t\t<\/div>\n\t\t\t\t<div class=\"elementor-element elementor-element-04bd755 elementor-button-align-center elementor-widget elementor-widget-form\" data-id=\"04bd755\" data-element_type=\"widget\" data-e-type=\"widget\" data-settings=\"{&quot;step_next_label&quot;:&quot;Suivant&quot;,&quot;step_previous_label&quot;:&quot;Pr\\u00e9c\\u00e9dent&quot;,&quot;step_type&quot;:&quot;number_text&quot;,&quot;step_icon_shape&quot;:&quot;circle&quot;}\" data-widget_type=\"form.default\">\n\t\t\t\t<div class=\"elementor-widget-container\">\n\t\t\t\t\t\t\t<form class=\"elementor-form\" method=\"post\" name=\"New Form\" aria-label=\"New Form\">\n\t\t\t<input type=\"hidden\" name=\"post_id\" value=\"8\"\/>\n\t\t\t<input type=\"hidden\" name=\"form_id\" value=\"04bd755\"\/>\n\t\t\t<input type=\"hidden\" name=\"referer_title\" value=\"Accueil - Psychedelight\" \/>\n\n\t\t\t\t\t\t\t<input type=\"hidden\" name=\"queried_id\" value=\"8\"\/>\n\t\t\t\n\t\t\t<div class=\"elementor-form-fields-wrapper elementor-labels-\">\n\t\t\t\t\t\t\t\t<div class=\"elementor-field-type-text elementor-field-group elementor-column elementor-field-group-37d96c4 elementor-col-50 elementor-field-required\">\n\t\t\t\t\t\t\t\t\t\t\t\t<label for=\"form-field-37d96c4\" class=\"elementor-field-label elementor-screen-only\">\n\t\t\t\t\t\t\t\tNom\t\t\t\t\t\t\t<\/label>\n\t\t\t\t\t\t\t\t\t\t\t\t\t\t<input size=\"1\" type=\"text\" name=\"form_fields[37d96c4]\" id=\"form-field-37d96c4\" class=\"elementor-field elementor-size-sm  elementor-field-textual\" placeholder=\"Nom\" required=\"required\">\n\t\t\t\t\t\t\t\t\t\t\t<\/div>\n\t\t\t\t\t\t\t\t<div class=\"elementor-field-type-email elementor-field-group elementor-column elementor-field-group-27e19c9 elementor-col-50 elementor-field-required\">\n\t\t\t\t\t\t\t\t\t\t\t\t<label for=\"form-field-27e19c9\" class=\"elementor-field-label elementor-screen-only\">\n\t\t\t\t\t\t\t\te-mail\t\t\t\t\t\t\t<\/label>\n\t\t\t\t\t\t\t\t\t\t\t\t\t\t<input size=\"1\" type=\"email\" name=\"form_fields[27e19c9]\" id=\"form-field-27e19c9\" class=\"elementor-field elementor-size-sm  elementor-field-textual\" placeholder=\"e-mail\" required=\"required\">\n\t\t\t\t\t\t\t\t\t\t\t<\/div>\n\t\t\t\t\t\t\t\t<div class=\"elementor-field-group elementor-column elementor-field-type-submit elementor-col-100 e-form__buttons\">\n\t\t\t\t\t<button class=\"elementor-button elementor-size-sm\" type=\"submit\">\n\t\t\t\t\t\t<span class=\"elementor-button-content-wrapper\">\n\t\t\t\t\t\t\t\t\t\t\t\t\t\t\t<span class=\"elementor-button-icon\">\n\t\t\t\t\t\t\t\t\t<i aria-hidden=\"true\" class=\"fas fa-paper-plane\"><\/i>\t\t\t\t\t\t\t\t\t\t\t\t\t\t\t\t\t<\/span>\n\t\t\t\t\t\t\t\t\t\t\t\t\t\t\t\t\t\t\t\t\t\t<span class=\"elementor-button-text\">S'inscrire<\/span>\n\t\t\t\t\t\t\t\t\t\t\t\t\t<\/span>\n\t\t\t\t\t<\/button>\n\t\t\t\t<\/div>\n\t\t\t<\/div>\n\t\t<\/form>\n\t\t\t\t\t\t<\/div>\n\t\t\t\t<\/div>\n\t\t\t\t<div class=\"elementor-element elementor-element-c323ebf elementor-widget elementor-widget-heading\" data-id=\"c323ebf\" data-element_type=\"widget\" data-e-type=\"widget\" data-widget_type=\"heading.default\">\n\t\t\t\t<div class=\"elementor-widget-container\">\n\t\t\t\t\t<h5 class=\"elementor-heading-title elementor-size-default\">Les spams ne sont pas nos amis<\/h5>\t\t\t\t<\/div>\n\t\t\t\t<\/div>\n\t\t\t\t\t<\/div>\n\t\t<\/div>\n\t\t\t\t<div class=\"elementor-column elementor-col-25 elementor-top-column elementor-element elementor-element-436264b\" data-id=\"436264b\" data-element_type=\"column\" data-e-type=\"column\">\n\t\t\t<div class=\"elementor-widget-wrap\">\n\t\t\t\t\t\t\t<\/div>\n\t\t<\/div>\n\t\t\t\t\t<\/div>\n\t\t<\/section>\n\t\t\t\t<\/div>\n\t\t","protected":false},"excerpt":{"rendered":"<p>psychedelight https:\/\/www.youtube.com\/watch?v=x6WRk12xQ-U Bienvenue sur ces pages d\u00e9di\u00e9es \u00e0 un art visuel que je pratique depuis \u2026 1968. Un art \u00e9ph\u00e9m\u00e8re qui passe comme des nuages ou des vagues, ou comme les \u00e9toiles et les plan\u00e8tes. J\u2019ai le grand plaisir de partager avec vous toutes ces images, toutes ces couleurs, tous ces mouvements et de les [&hellip;]<\/p>\n","protected":false},"author":1,"featured_media":0,"parent":0,"menu_order":0,"comment_status":"closed","ping_status":"closed","template":"","meta":{"footnotes":""},"class_list":["post-8","page","type-page","status-publish","hentry","wpbf-post"],"aioseo_notices":[],"_links":{"self":[{"href":"https:\/\/psychedelight.ch\/en\/wp-json\/wp\/v2\/pages\/8","targetHints":{"allow":["GET"]}}],"collection":[{"href":"https:\/\/psychedelight.ch\/en\/wp-json\/wp\/v2\/pages"}],"about":[{"href":"https:\/\/psychedelight.ch\/en\/wp-json\/wp\/v2\/types\/page"}],"author":[{"embeddable":true,"href":"https:\/\/psychedelight.ch\/en\/wp-json\/wp\/v2\/users\/1"}],"replies":[{"embeddable":true,"href":"https:\/\/psychedelight.ch\/en\/wp-json\/wp\/v2\/comments?post=8"}],"version-history":[{"count":132,"href":"https:\/\/psychedelight.ch\/en\/wp-json\/wp\/v2\/pages\/8\/revisions"}],"predecessor-version":[{"id":1168,"href":"https:\/\/psychedelight.ch\/en\/wp-json\/wp\/v2\/pages\/8\/revisions\/1168"}],"wp:attachment":[{"href":"https:\/\/psychedelight.ch\/en\/wp-json\/wp\/v2\/media?parent=8"}],"curies":[{"name":"wp","href":"https:\/\/api.w.org\/{rel}","templated":true}]}}